{"id":1397,"date":"2022-09-22T22:08:55","date_gmt":"2022-09-22T20:08:55","guid":{"rendered":"http:\/\/www.ose-entreprendre.fr\/?page_id=1397"},"modified":"2022-09-25T20:50:29","modified_gmt":"2022-09-25T18:50:29","slug":"espace-de-telechargement","status":"publish","type":"page","link":"https:\/\/www.ose-entreprendre.fr\/index.php\/espace-de-telechargement\/","title":{"rendered":"Espace de t\u00e9l\u00e9chargement"},"content":{"rendered":"\t\t<div data-elementor-type=\"wp-page\" data-elementor-id=\"1397\" class=\"elementor elementor-1397\" data-elementor-settings=\"{&quot;ha_cmc_init_switcher&quot;:&quot;no&quot;}\" data-elementor-post-type=\"page\">\n\t\t\t\t\t\t<section class=\"elementor-section elementor-top-section elementor-element elementor-element-7a9f9f9 elementor-section-boxed elementor-section-height-default elementor-section-height-default\" data-id=\"7a9f9f9\" data-element_type=\"section\" data-settings=\"{&quot;_ha_eqh_enable&quot;:false}\">\n\t\t\t\t\t\t<div class=\"elementor-container elementor-column-gap-default\">\n\t\t\t\t\t<div class=\"elementor-column elementor-col-100 elementor-top-column elementor-element elementor-element-644635d\" data-id=\"644635d\" data-element_type=\"column\">\n\t\t\t<div class=\"elementor-widget-wrap elementor-element-populated\">\n\t\t\t\t\t\t<section class=\"elementor-section elementor-inner-section elementor-element elementor-element-1186321 elementor-section-boxed elementor-section-height-default elementor-section-height-default\" data-id=\"1186321\" data-element_type=\"section\" data-settings=\"{&quot;_ha_eqh_enable&quot;:false}\">\n\t\t\t\t\t\t<div class=\"elementor-container elementor-column-gap-default\">\n\t\t\t\t\t<div class=\"elementor-column elementor-col-33 elementor-inner-column elementor-element elementor-element-c7c8816\" data-id=\"c7c8816\" data-element_type=\"column\">\n\t\t\t<div class=\"elementor-widget-wrap elementor-element-populated\">\n\t\t\t\t\t\t<div class=\"elementor-element elementor-element-c64eb82 elementor-widget elementor-widget-heading\" data-id=\"c64eb82\" data-element_type=\"widget\" data-widget_type=\"heading.default\">\n\t\t\t\t<div class=\"elementor-widget-container\">\n\t\t\t\t\t<h6 class=\"elementor-heading-title elementor-size-default\">Documents disponibles en t\u00e9l\u00e9chargement<\/h6>\t\t\t\t<\/div>\n\t\t\t\t<\/div>\n\t\t\t\t\t<\/div>\n\t\t<\/div>\n\t\t\t\t<div class=\"elementor-column elementor-col-66 elementor-inner-column elementor-element elementor-element-4fb6e40\" data-id=\"4fb6e40\" data-element_type=\"column\">\n\t\t\t<div class=\"elementor-widget-wrap elementor-element-populated\">\n\t\t\t\t\t\t<div class=\"elementor-element elementor-element-c427840 elementor-widget elementor-widget-image\" data-id=\"c427840\" data-element_type=\"widget\" data-widget_type=\"image.default\">\n\t\t\t\t<div class=\"elementor-widget-container\">\n\t\t\t\t\t\t\t\t\t\t\t\t\t\t\t<img fetchpriority=\"high\" decoding=\"async\" width=\"800\" height=\"501\" src=\"https:\/\/www.ose-entreprendre.fr\/wp-content\/uploads\/2022\/09\/businessman.jpg\" class=\"attachment-large size-large wp-image-520\" alt=\"\" srcset=\"https:\/\/www.ose-entreprendre.fr\/wp-content\/uploads\/2022\/09\/businessman.jpg 800w, https:\/\/www.ose-entreprendre.fr\/wp-content\/uploads\/2022\/09\/businessman-300x188.jpg 300w, https:\/\/www.ose-entreprendre.fr\/wp-content\/uploads\/2022\/09\/businessman-768x481.jpg 768w\" sizes=\"(max-width: 800px) 100vw, 800px\" \/>\t\t\t\t\t\t\t\t\t\t\t\t\t\t\t<\/div>\n\t\t\t\t<\/div>\n\t\t\t\t\t<\/div>\n\t\t<\/div>\n\t\t\t\t\t<\/div>\n\t\t<\/section>\n\t\t\t\t\t<\/div>\n\t\t<\/div>\n\t\t\t\t\t<\/div>\n\t\t<\/section>\n\t\t\t\t<\/div>\n\t\t","protected":false},"excerpt":{"rendered":"<p>Documents disponibles en t\u00e9l\u00e9chargement Plaquette de communication OSE Fiche d&rsquo;information sur le pr\u00eat d&rsquo;honneur Dossier de demande d&rsquo;aide (\u00e0 compl\u00e9ter) Liste des pi\u00e8ces \u00e0 joindre au dossier<\/p>\n","protected":false},"author":2,"featured_media":0,"parent":0,"menu_order":0,"comment_status":"closed","ping_status":"closed","template":"elementor_header_footer","meta":{"site-sidebar-layout":"no-sidebar","site-content-layout":"page-builder","ast-global-header-display":"","ast-main-header-display":"","ast-hfb-above-header-display":"","ast-hfb-below-header-display":"","ast-hfb-mobile-header-display":"","site-post-title":"disabled","ast-breadcrumbs-content":"","ast-featured-img":"disabled","footer-sml-layout":"","theme-transparent-header-meta":"","adv-header-id-meta":"","stick-header-meta":"","header-above-stick-meta":"","header-main-stick-meta":"","header-below-stick-meta":"","footnotes":""},"class_list":["post-1397","page","type-page","status-publish","hentry"],"_links":{"self":[{"href":"https:\/\/www.ose-entreprendre.fr\/index.php\/wp-json\/wp\/v2\/pages\/1397","targetHints":{"allow":["GET"]}}],"collection":[{"href":"https:\/\/www.ose-entreprendre.fr\/index.php\/wp-json\/wp\/v2\/pages"}],"about":[{"href":"https:\/\/www.ose-entreprendre.fr\/index.php\/wp-json\/wp\/v2\/types\/page"}],"author":[{"embeddable":true,"href":"https:\/\/www.ose-entreprendre.fr\/index.php\/wp-json\/wp\/v2\/users\/2"}],"replies":[{"embeddable":true,"href":"https:\/\/www.ose-entreprendre.fr\/index.php\/wp-json\/wp\/v2\/comments?post=1397"}],"version-history":[{"count":34,"href":"https:\/\/www.ose-entreprendre.fr\/index.php\/wp-json\/wp\/v2\/pages\/1397\/revisions"}],"predecessor-version":[{"id":1438,"href":"https:\/\/www.ose-entreprendre.fr\/index.php\/wp-json\/wp\/v2\/pages\/1397\/revisions\/1438"}],"wp:attachment":[{"href":"https:\/\/www.ose-entreprendre.fr\/index.php\/wp-json\/wp\/v2\/media?parent=1397"}],"curies":[{"name":"wp","href":"https:\/\/api.w.org\/{rel}","templated":true}]}}